{"id":1497,"date":"2021-10-26T22:12:46","date_gmt":"2021-10-27T03:12:46","guid":{"rendered":"https:\/\/iesmp.edu.pe\/index\/?page_id=1497"},"modified":"2026-03-18T17:54:31","modified_gmt":"2026-03-18T22:54:31","slug":"c-e-ambiental","status":"publish","type":"page","link":"https:\/\/iesmp.edu.pe\/index\/c-e-ambiental\/","title":{"rendered":"COMISI\u00d3N DE EDUCACI\u00d3N AMBIENTAL Y G.R.D"},"content":{"rendered":"\t\t<div data-elementor-type=\"wp-page\" data-elementor-id=\"1497\" class=\"elementor elementor-1497\" data-elementor-settings=\"[]\">\n\t\t\t\t\t\t\t<div class=\"elementor-section-wrap\">\n\t\t\t\t\t\t\t<section class=\"elementor-section elementor-top-section elementor-element elementor-element-8a81d4e elementor-section-boxed elementor-section-height-default elementor-section-height-default\" data-id=\"8a81d4e\" data-element_type=\"section\">\n\t\t\t\t\t\t<div class=\"elementor-container elementor-column-gap-default\">\n\t\t\t\t\t<div class=\"elementor-column elementor-col-100 elementor-top-column elementor-element elementor-element-5c84826\" data-id=\"5c84826\" data-element_type=\"column\">\n\t\t\t<div class=\"elementor-widget-wrap elementor-element-populated\">\n\t\t\t\t\t\t\t\t<div class=\"elementor-element elementor-element-fd53cc5 elementor-widget elementor-widget-heading\" data-id=\"fd53cc5\" data-element_type=\"widget\" data-widget_type=\"heading.default\">\n\t\t\t\t<div class=\"elementor-widget-container\">\n\t\t\t<h2 class=\"elementor-heading-title elementor-size-default\"><b><i>Instituci\u00f3n Educativa Parroquial \"SAN MART\u00cdN DE PORRES \"<\/i><\/b><\/h2>\t\t<\/div>\n\t\t\t\t<\/div>\n\t\t\t\t\t<\/div>\n\t\t<\/div>\n\t\t\t\t\t\t\t<\/div>\n\t\t<\/section>\n\t\t\t\t<section class=\"elementor-section elementor-top-section elementor-element elementor-element-b57135c elementor-section-boxed elementor-section-height-default elementor-section-height-default\" data-id=\"b57135c\" data-element_type=\"section\" data-settings=\"{&quot;background_background&quot;:&quot;gradient&quot;}\">\n\t\t\t\t\t\t<div class=\"elementor-container elementor-column-gap-default\">\n\t\t\t\t\t<div class=\"elementor-column elementor-col-100 elementor-top-column elementor-element elementor-element-6031c4c\" data-id=\"6031c4c\" data-element_type=\"column\">\n\t\t\t<div class=\"elementor-widget-wrap elementor-element-populated\">\n\t\t\t\t\t\t\t\t<div class=\"elementor-element elementor-element-83eccfc elementor-widget elementor-widget-image\" data-id=\"83eccfc\" data-element_type=\"widget\" data-widget_type=\"image.default\">\n\t\t\t\t<div class=\"elementor-widget-container\">\n\t\t\t\t\t\t\t\t\t\t\t\t\t\t\t<img width=\"300\" height=\"237\" src=\"https:\/\/iesmp.edu.pe\/index\/wp-content\/uploads\/2023\/04\/logo-comite-ambiental2-300x237.png\" class=\"attachment-medium size-medium\" alt=\"\" loading=\"lazy\" srcset=\"https:\/\/iesmp.edu.pe\/index\/wp-content\/uploads\/2023\/04\/logo-comite-ambiental2-300x237.png 300w, https:\/\/iesmp.edu.pe\/index\/wp-content\/uploads\/2023\/04\/logo-comite-ambiental2-1024x808.png 1024w, https:\/\/iesmp.edu.pe\/index\/wp-content\/uploads\/2023\/04\/logo-comite-ambiental2-768x606.png 768w, https:\/\/iesmp.edu.pe\/index\/wp-content\/uploads\/2023\/04\/logo-comite-ambiental2-1536x1212.png 1536w, https:\/\/iesmp.edu.pe\/index\/wp-content\/uploads\/2023\/04\/logo-comite-ambiental2-380x300.png 380w, https:\/\/iesmp.edu.pe\/index\/wp-content\/uploads\/2023\/04\/logo-comite-ambiental2.png 1918w\" sizes=\"(max-width: 300px) 100vw, 300px\" \/>\t\t\t\t\t\t\t\t\t\t\t\t\t\t\t<\/div>\n\t\t\t\t<\/div>\n\t\t\t\t\t<\/div>\n\t\t<\/div>\n\t\t\t\t\t\t\t<\/div>\n\t\t<\/section>\n\t\t\t\t<section class=\"elementor-section elementor-top-section elementor-element elementor-element-e37a180 elementor-section-boxed elementor-section-height-default elementor-section-height-default\" data-id=\"e37a180\" data-element_type=\"section\">\n\t\t\t\t\t\t<div class=\"elementor-container elementor-column-gap-default\">\n\t\t\t\t\t<div class=\"elementor-column elementor-col-100 elementor-top-column elementor-element elementor-element-e7e11a9\" data-id=\"e7e11a9\" data-element_type=\"column\">\n\t\t\t<div class=\"elementor-widget-wrap elementor-element-populated\">\n\t\t\t\t\t\t\t\t<div class=\"elementor-element elementor-element-c66581e elementor-widget elementor-widget-heading\" data-id=\"c66581e\" data-element_type=\"widget\" data-widget_type=\"heading.default\">\n\t\t\t\t<div class=\"elementor-widget-container\">\n\t\t\t<h2 class=\"elementor-heading-title elementor-size-default\"><b><i>COMISI\u00d3N DE EDUCACI\u00d3N AMBIENTAL Y GESTI\u00d3N DEL RIESGO DE DESASTRE 2026<\/i><\/b><\/h2>\t\t<\/div>\n\t\t\t\t<\/div>\n\t\t\t\t\t<\/div>\n\t\t<\/div>\n\t\t\t\t\t\t\t<\/div>\n\t\t<\/section>\n\t\t\t\t<section class=\"elementor-section elementor-top-section elementor-element elementor-element-d14eb23 elementor-section-boxed elementor-section-height-default elementor-section-height-default\" data-id=\"d14eb23\" data-element_type=\"section\">\n\t\t\t\t\t\t<div class=\"elementor-container elementor-column-gap-default\">\n\t\t\t\t\t<div class=\"elementor-column elementor-col-50 elementor-top-column elementor-element elementor-element-860a07a\" data-id=\"860a07a\" data-element_type=\"column\">\n\t\t\t<div class=\"elementor-widget-wrap elementor-element-populated\">\n\t\t\t\t\t\t\t\t<div class=\"elementor-element elementor-element-bc0e01d elementor-widget elementor-widget-heading\" data-id=\"bc0e01d\" data-element_type=\"widget\" data-widget_type=\"heading.default\">\n\t\t\t\t<div class=\"elementor-widget-container\">\n\t\t\t<p class=\"elementor-heading-title elementor-size-default\"><i style=\"font-variant-ligatures: normal; font-variant-caps: normal; font-weight: 300; font-size: 20px; font-family: &quot;Times New Roman&quot;, sans-serif; color: rgb(20, 17, 17); letter-spacing: -0.5px; text-align: center; text-transform: capitalize; white-space: normal; background-color: rgb(251, 248, 247);\">COORDINADORA NIVEL PRIMARIA<\/i><br style=\"color: rgb(20, 17, 17); font-family: &quot;Times New Roman&quot;, sans-serif; font-size: 20px; font-weight: 300; letter-spacing: -0.5px; text-align: center; text-transform: capitalize; white-space: normal; background-color: rgb(251, 248, 247);\"><span style=\"font-style: normal; font-variant-ligatures: normal; font-variant-caps: normal; font-size: 20px; font-family: &quot;Times New Roman&quot;, sans-serif; color: rgb(20, 17, 17); letter-spacing: -0.5px; text-align: center; text-transform: capitalize; white-space: normal; background-color: rgb(251, 248, 247);\"><i>\u2022 Prof. Fiorella Yanira Acero Ale<\/i><\/span><\/p>\t\t<\/div>\n\t\t\t\t<\/div>\n\t\t\t\t\t<\/div>\n\t\t<\/div>\n\t\t\t\t<div class=\"elementor-column elementor-col-50 elementor-top-column elementor-element elementor-element-6b81a0a\" data-id=\"6b81a0a\" data-element_type=\"column\">\n\t\t\t<div class=\"elementor-widget-wrap elementor-element-populated\">\n\t\t\t\t\t\t\t\t<div class=\"elementor-element elementor-element-84c5cf3 elementor-widget elementor-widget-heading\" data-id=\"84c5cf3\" data-element_type=\"widget\" data-widget_type=\"heading.default\">\n\t\t\t\t<div class=\"elementor-widget-container\">\n\t\t\t<p class=\"elementor-heading-title elementor-size-default\"><i style=\"font-variant-ligatures: normal; font-variant-caps: normal; font-weight: 300; font-size: 20px; font-family: &quot;Times New Roman&quot;, sans-serif; color: rgb(20, 17, 17); letter-spacing: -0.5px; text-align: center; text-transform: capitalize; white-space: normal; background-color: rgb(251, 248, 247);\">COORDINADORA NIVEL SECUNDARIA<\/i><br style=\"color: rgb(20, 17, 17); font-family: &quot;Times New Roman&quot;, sans-serif; font-size: 20px; font-weight: 300; letter-spacing: -0.5px; text-align: center; text-transform: capitalize; white-space: normal; background-color: rgb(251, 248, 247);\"><span style=\"font-style: normal; font-variant-ligatures: normal; font-variant-caps: normal; font-size: 20px; font-family: &quot;Times New Roman&quot;, sans-serif; color: rgb(20, 17, 17); letter-spacing: -0.5px; text-align: center; text-transform: capitalize; white-space: normal; background-color: rgb(251, 248, 247);\"><i>\u2022 Prof. Elda Rond\u00f3n Vicente<\/i><\/span><\/p>\t\t<\/div>\n\t\t\t\t<\/div>\n\t\t\t\t\t<\/div>\n\t\t<\/div>\n\t\t\t\t\t\t\t<\/div>\n\t\t<\/section>\n\t\t\t\t<section class=\"elementor-section elementor-top-section elementor-element elementor-element-1b0f04a6 elementor-section-full_width elementor-section-height-min-height elementor-section-content-middle elementor-section-height-default elementor-section-items-middle\" data-id=\"1b0f04a6\" data-element_type=\"section\" data-settings=\"{&quot;background_background&quot;:&quot;classic&quot;}\">\n\t\t\t\t\t\t<div class=\"elementor-container elementor-column-gap-no\">\n\t\t\t\t\t<div class=\"elementor-column elementor-col-100 elementor-top-column elementor-element elementor-element-13f901a0\" data-id=\"13f901a0\" data-element_type=\"column\">\n\t\t\t<div class=\"elementor-widget-wrap elementor-element-populated\">\n\t\t\t\t\t\t\t\t<div class=\"elementor-element elementor-element-ae0f2dc animated-slow elementor-invisible elementor-widget elementor-widget-heading\" data-id=\"ae0f2dc\" data-element_type=\"widget\" data-settings=\"{&quot;_animation&quot;:&quot;fadeIn&quot;}\" data-widget_type=\"heading.default\">\n\t\t\t\t<div class=\"elementor-widget-container\">\n\t\t\t<h3 class=\"elementor-heading-title elementor-size-default\"><b><i>BRIGADAS<\/i><\/b><\/h3>\t\t<\/div>\n\t\t\t\t<\/div>\n\t\t\t\t\t<\/div>\n\t\t<\/div>\n\t\t\t\t\t\t\t<\/div>\n\t\t<\/section>\n\t\t\t\t<section class=\"elementor-section elementor-top-section elementor-element elementor-element-e70aa88 elementor-section-boxed elementor-section-height-default elementor-section-height-default\" data-id=\"e70aa88\" data-element_type=\"section\" id=\"services\" data-settings=\"{&quot;background_background&quot;:&quot;classic&quot;}\">\n\t\t\t\t\t\t<div class=\"elementor-container elementor-column-gap-default\">\n\t\t\t\t\t<div class=\"elementor-column elementor-col-16 elementor-top-column elementor-element elementor-element-f03f564\" data-id=\"f03f564\" data-element_type=\"column\">\n\t\t\t<div class=\"elementor-widget-wrap elementor-element-populated\">\n\t\t\t\t\t\t\t\t<div class=\"elementor-element elementor-element-ecd1686 elementor-widget elementor-widget-image\" data-id=\"ecd1686\" data-element_type=\"widget\" data-widget_type=\"image.default\">\n\t\t\t\t<div class=\"elementor-widget-container\">\n\t\t\t\t\t\t\t\t\t\t\t\t\t\t\t\t<a href=\"https:\/\/iesmp.edu.pe\/index\/brigada-ecoeficiencia\/\">\n\t\t\t\t\t\t\t<img src=\"https:\/\/iesmp.edu.pe\/index\/wp-content\/uploads\/elementor\/thumbs\/logos-comite-ambiental-ecoeficiencia-q3nrt6mxrudzqkoiyya92lz35cus2as7r10jflw05s.png\" title=\"logos comite ambiental ecoeficiencia\" alt=\"logos comite ambiental ecoeficiencia\" \/>\t\t\t\t\t\t\t\t<\/a>\n\t\t\t\t\t\t\t\t\t\t\t\t\t\t\t<\/div>\n\t\t\t\t<\/div>\n\t\t\t\t\t<\/div>\n\t\t<\/div>\n\t\t\t\t<div class=\"elementor-column elementor-col-16 elementor-top-column elementor-element elementor-element-0c00767\" data-id=\"0c00767\" data-element_type=\"column\">\n\t\t\t<div class=\"elementor-widget-wrap elementor-element-populated\">\n\t\t\t\t\t\t\t\t<div class=\"elementor-element elementor-element-e9775aa elementor-widget elementor-widget-image\" data-id=\"e9775aa\" data-element_type=\"widget\" data-widget_type=\"image.default\">\n\t\t\t\t<div class=\"elementor-widget-container\">\n\t\t\t\t\t\t\t\t\t\t\t\t\t\t\t\t<a href=\"https:\/\/iesmp.edu.pe\/index\/brigada-de-salud\/\" target=\"_blank\">\n\t\t\t\t\t\t\t<img src=\"https:\/\/iesmp.edu.pe\/index\/wp-content\/uploads\/elementor\/thumbs\/logos-comite-ambiental-salud-pu4xj9c5nd643h2fxut3777uot2fyajgtonkf0fpao.png\" title=\"logos comite ambiental salud\" alt=\"logos comite ambiental salud\" \/>\t\t\t\t\t\t\t\t<\/a>\n\t\t\t\t\t\t\t\t\t\t\t\t\t\t\t<\/div>\n\t\t\t\t<\/div>\n\t\t\t\t\t<\/div>\n\t\t<\/div>\n\t\t\t\t<div class=\"elementor-column elementor-col-16 elementor-top-column elementor-element elementor-element-e6cc8be\" data-id=\"e6cc8be\" data-element_type=\"column\">\n\t\t\t<div class=\"elementor-widget-wrap elementor-element-populated\">\n\t\t\t\t\t\t\t\t<div class=\"elementor-element elementor-element-5761506 elementor-widget elementor-widget-image\" data-id=\"5761506\" data-element_type=\"widget\" data-widget_type=\"image.default\">\n\t\t\t\t<div class=\"elementor-widget-container\">\n\t\t\t\t\t\t\t\t\t\t\t\t\t\t\t\t<a href=\"https:\/\/iesmp.edu.pe\/index\/brigada-de-proteccion-de-la-biodiversidad\/\">\n\t\t\t\t\t\t\t<img src=\"https:\/\/iesmp.edu.pe\/index\/wp-content\/uploads\/elementor\/thumbs\/logo-PROTECCION-DE-LA-BIODIVERSIDAD-q50lkw5rmfjfirdfwydaj72cy382asub8ia4vgfm4w.png\" title=\"logo PROTECCI\u00d3N DE LA BIODIVERSIDAD\" alt=\"logo PROTECCI\u00d3N DE LA BIODIVERSIDAD\" \/>\t\t\t\t\t\t\t\t<\/a>\n\t\t\t\t\t\t\t\t\t\t\t\t\t\t\t<\/div>\n\t\t\t\t<\/div>\n\t\t\t\t\t<\/div>\n\t\t<\/div>\n\t\t\t\t<div class=\"elementor-column elementor-col-16 elementor-top-column elementor-element elementor-element-b131f24\" data-id=\"b131f24\" data-element_type=\"column\">\n\t\t\t<div class=\"elementor-widget-wrap elementor-element-populated\">\n\t\t\t\t\t\t\t\t<div class=\"elementor-element elementor-element-3850b55 elementor-widget elementor-widget-image\" data-id=\"3850b55\" data-element_type=\"widget\" data-widget_type=\"image.default\">\n\t\t\t\t<div class=\"elementor-widget-container\">\n\t\t\t\t\t\t\t\t\t\t\t\t\t\t\t\t<a href=\"https:\/\/iesmp.edu.pe\/index\/brigada-de-gestion-del-riesgo-y-desasatres\/\">\n\t\t\t\t\t\t\t<img src=\"https:\/\/iesmp.edu.pe\/index\/wp-content\/uploads\/elementor\/thumbs\/GRD-2-ptezyqfmspmrwnbq4dw4q70e157kfj0xexhk304q8g.png\" title=\"GRD 2\" alt=\"GRD 2\" \/>\t\t\t\t\t\t\t\t<\/a>\n\t\t\t\t\t\t\t\t\t\t\t\t\t\t\t<\/div>\n\t\t\t\t<\/div>\n\t\t\t\t\t<\/div>\n\t\t<\/div>\n\t\t\t\t<div class=\"elementor-column elementor-col-16 elementor-top-column elementor-element elementor-element-f8a4940\" data-id=\"f8a4940\" data-element_type=\"column\">\n\t\t\t<div class=\"elementor-widget-wrap elementor-element-populated\">\n\t\t\t\t\t\t\t\t<div class=\"elementor-element elementor-element-8859763 elementor-widget elementor-widget-image\" data-id=\"8859763\" data-element_type=\"widget\" data-widget_type=\"image.default\">\n\t\t\t\t<div class=\"elementor-widget-container\">\n\t\t\t\t\t\t\t\t\t\t\t\t\t\t\t\t<a href=\"https:\/\/iesmp.edu.pe\/index\/brigada-cambio-climatico\/\">\n\t\t\t\t\t\t\t<img src=\"https:\/\/iesmp.edu.pe\/index\/wp-content\/uploads\/elementor\/thumbs\/logos-comite-ambiental-ptezuj3m8dvlzffjo2h72r76e3xh09c564gdtgd428.png\" title=\"logos comite ambiental\" alt=\"logos comite ambiental\" \/>\t\t\t\t\t\t\t\t<\/a>\n\t\t\t\t\t\t\t\t\t\t\t\t\t\t\t<\/div>\n\t\t\t\t<\/div>\n\t\t\t\t\t<\/div>\n\t\t<\/div>\n\t\t\t\t<div class=\"elementor-column elementor-col-16 elementor-top-column elementor-element elementor-element-6972633\" data-id=\"6972633\" data-element_type=\"column\">\n\t\t\t<div class=\"elementor-widget-wrap elementor-element-populated\">\n\t\t\t\t\t\t\t\t<div class=\"elementor-element elementor-element-1babceb elementor-widget elementor-widget-image\" data-id=\"1babceb\" data-element_type=\"widget\" data-widget_type=\"image.default\">\n\t\t\t\t<div class=\"elementor-widget-container\">\n\t\t\t\t\t\t\t\t\t\t\t\t\t\t\t\t<a href=\"https:\/\/iesmp.edu.pe\/index\/brigada-agua\/\">\n\t\t\t\t\t\t\t<img src=\"https:\/\/iesmp.edu.pe\/index\/wp-content\/uploads\/elementor\/thumbs\/logo-BRIGADA-DEL-AGUA-ptezxveyj6gb9iks5ihfxwu6ffggdilsanyj8vepxs.png\" title=\"logo BRIGADA DEL AGUA\" alt=\"logo BRIGADA DEL AGUA\" \/>\t\t\t\t\t\t\t\t<\/a>\n\t\t\t\t\t\t\t\t\t\t\t\t\t\t\t<\/div>\n\t\t\t\t<\/div>\n\t\t\t\t\t<\/div>\n\t\t<\/div>\n\t\t\t\t\t\t\t<\/div>\n\t\t<\/section>\n\t\t\t\t<section class=\"elementor-section elementor-top-section elementor-element elementor-element-c3389cd elementor-section-boxed elementor-section-height-default elementor-section-height-default\" data-id=\"c3389cd\" data-element_type=\"section\">\n\t\t\t\t\t\t\t<div class=\"elementor-background-overlay\"><\/div>\n\t\t\t\t\t\t\t<div class=\"elementor-container elementor-column-gap-default\">\n\t\t\t\t\t<div class=\"elementor-column elementor-col-100 elementor-top-column elementor-element elementor-element-94d7cb0\" data-id=\"94d7cb0\" data-element_type=\"column\">\n\t\t\t<div class=\"elementor-widget-wrap\">\n\t\t\t\t\t\t\t\t\t<\/div>\n\t\t<\/div>\n\t\t\t\t\t\t\t<\/div>\n\t\t<\/section>\n\t\t\t\t\t\t<\/div>\n\t\t\t\t\t<\/div>\n\t\t","protected":false},"excerpt":{"rendered":"<p>Instituci\u00f3n Educativa Parroquial \u00abSAN MART\u00cdN DE PORRES \u00ab COMISI\u00d3N DE EDUCACI\u00d3N AMBIENTAL Y GESTI\u00d3N DEL RIESGO DE DESASTRE 2026 COORDINADORA NIVEL PRIMARIA\u2022 Prof. Fiorella Yanira &hellip;<\/p>\n","protected":false},"author":1,"featured_media":0,"parent":0,"menu_order":0,"comment_status":"closed","ping_status":"closed","template":"","meta":[],"uagb_featured_image_src":{"full":false,"thumbnail":false,"medium":false,"medium_large":false,"large":false,"1536x1536":false,"2048x2048":false,"post-thumbnail":false,"bravada-featured":false,"bravada-featured-lp":false,"bravada-featured-half":false,"bravada-featured-third":false,"bravada-lpbox-1":false,"bravada-lpbox-2":false},"uagb_author_info":{"display_name":"IEPSMP","author_link":"https:\/\/iesmp.edu.pe\/index\/author\/admin\/"},"uagb_comment_info":0,"uagb_excerpt":"Instituci\u00f3n Educativa Parroquial \u00abSAN MART\u00cdN DE PORRES \u00ab COMISI\u00d3N DE EDUCACI\u00d3N AMBIENTAL Y GESTI\u00d3N DEL RIESGO DE DESASTRE 2026 COORDINADORA NIVEL PRIMARIA\u2022 Prof. Fiorella Yanira &hellip;","_links":{"self":[{"href":"https:\/\/iesmp.edu.pe\/index\/wp-json\/wp\/v2\/pages\/1497"}],"collection":[{"href":"https:\/\/iesmp.edu.pe\/index\/wp-json\/wp\/v2\/pages"}],"about":[{"href":"https:\/\/iesmp.edu.pe\/index\/wp-json\/wp\/v2\/types\/page"}],"author":[{"embeddable":true,"href":"https:\/\/iesmp.edu.pe\/index\/wp-json\/wp\/v2\/users\/1"}],"replies":[{"embeddable":true,"href":"https:\/\/iesmp.edu.pe\/index\/wp-json\/wp\/v2\/comments?post=1497"}],"version-history":[{"count":9,"href":"https:\/\/iesmp.edu.pe\/index\/wp-json\/wp\/v2\/pages\/1497\/revisions"}],"predecessor-version":[{"id":3972,"href":"https:\/\/iesmp.edu.pe\/index\/wp-json\/wp\/v2\/pages\/1497\/revisions\/3972"}],"wp:attachment":[{"href":"https:\/\/iesmp.edu.pe\/index\/wp-json\/wp\/v2\/media?parent=1497"}],"curies":[{"name":"wp","href":"https:\/\/api.w.org\/{rel}","templated":true}]}}